{"id":1108,"date":"2021-04-27T20:37:16","date_gmt":"2021-04-27T18:37:16","guid":{"rendered":"https:\/\/n1-acquisition.info\/?page_id=1108"},"modified":"2021-04-29T10:31:55","modified_gmt":"2021-04-29T08:31:55","slug":"synopsis","status":"publish","type":"page","link":"https:\/\/n1-acquisition.info\/index.php\/synopsis\/","title":{"rendered":"Synopsis"},"content":{"rendered":"<div id=\"cs-content\" class=\"cs-content\"  ><div id=\"x-section-1\" class=\"x-section cs-ta-center bg-image parallax\" style=\"margin: 0px;padding: 25% 0px 35%; background-image: url(https:\/\/n1-acquisition.info\/wp-content\/uploads\/2017\/07\/halle-sbr.jpg); background-color: #ffffff;\"  data-x-element=\"section\" data-x-params=\"{&quot;type&quot;:&quot;image&quot;,&quot;parallax&quot;:true}\" ><div class=\"x-container max width\" style=\"margin: 0px auto;padding: 0px;\"  ><div  class=\"x-column x-sm x-1-1\" style=\"padding: 0px;\" >\n<div class=\"e1108-4 x-text x-text-headline x-effect-exit\" data-x-effect=\"{&quot;offsetTop&quot;:&quot;10%&quot;,&quot;offsetBottom&quot;:&quot;10%&quot;,&quot;behaviorScroll&quot;:&quot;reset&quot;}\" >\n  <div class=\"x-text-content\"><div class=\"x-text-content-text\"><h2 class=\"x-text-content-text-primary\">On ne choisit pas son destin,<\/h2><\/div><\/div><\/div>\n\n<div class=\"e1108-5 x-text x-effect-exit\" data-x-effect=\"{&quot;offsetTop&quot;:&quot;10%&quot;,&quot;offsetBottom&quot;:&quot;10%&quot;,&quot;behaviorScroll&quot;:&quot;reset&quot;}\" >\n  On choisit d'\u00eatre pr\u00eat.<\/div>\n<\/div><\/div><\/div><div id=\"x-section-2\" class=\"x-section cs-ta-center bg-image parallax\" style=\"margin: 0px;padding: 22% 0px; background-image: url(https:\/\/n1-acquisition.info\/wp-content\/uploads\/2017\/07\/pres-lausanne-lum-sbr.jpg); background-color: hsl(0, 0%, 12%);\"  data-x-element=\"section\" data-x-params=\"{&quot;type&quot;:&quot;image&quot;,&quot;parallax&quot;:true}\" ><div class=\"x-container max width\" style=\"margin: 0px auto;padding: 0px;\"  ><div  class=\"x-column x-sm x-1-1\" style=\"padding: 0px;\" ><hr  class=\"x-gap cs-hide-xl cs-hide-lg\" style=\"margin: 100px 0 0 0;\"><\/div><\/div><div class=\"x-container max width\" style=\"margin: 0px auto;padding: 0px;\"  ><div  class=\"x-column x-sm x-1-1\" style=\"padding: 0px;\" >\n<div class=\"e1108-12 x-row\" >\n    <div class=\"x-row-inner\">\n<div class=\"e1108-13 x-col\" >\n    \n<div class=\"e1108-14 x-text x-text-headline x-effect-exit\" data-x-effect=\"{&quot;offsetTop&quot;:&quot;10%&quot;,&quot;offsetBottom&quot;:&quot;10%&quot;,&quot;behaviorScroll&quot;:&quot;reset&quot;}\" >\n  <div class=\"x-text-content\"><div class=\"x-text-content-text\"><h1 class=\"x-text-content-text-primary\">Un moment historique.<\/h1><\/div><\/div><\/div>\n\n<div class=\"e1108-15 x-row\" >\n    <div class=\"x-row-inner\">\n<div class=\"e1108-16 x-col\" >\n    &nbsp;  <\/div>\n\n<div class=\"e1108-17 x-col\" >\n    \n<div class=\"e1108-18 x-text x-effect-exit\" data-x-effect=\"{&quot;offsetTop&quot;:&quot;10%&quot;,&quot;offsetBottom&quot;:&quot;10%&quot;,&quot;behaviorScroll&quot;:&quot;reset&quot;}\" >\n  <div class=\"x-container\">\n<div class=\"x-column x-sm x-1-1\">\n<div class=\"x-text cs-ta-left\">\n<p>La saison la plus marquante des 20 derni\u00e8res ann\u00e9es. Un choc des titans aux performances rarement vues.<\/p>\n<p>C\u2019est le contexte in\u00e9dit de cette histoire. La pression d\u2019une concurrence qui ne donnera pas droit \u00e0 l\u2019erreur.<\/p>\n<p>L\u2019occasion r\u00eav\u00e9e pour un comp\u00e9titeur de se r\u00e9v\u00e9ler, enfin.<\/p>\n\n<\/div>\n<\/div>\n<\/div>\n<div class=\"x-container max width\"><\/div><\/div>\n  <\/div>\n\n<div class=\"e1108-19 x-col\" >\n    &nbsp;  <\/div>\n<\/div>\n  <\/div>\n  <\/div>\n<\/div>\n  <\/div>\n<hr  class=\"x-gap cs-hide-xs cs-hide-sm cs-hide-md\" style=\"margin: 150px 0 0 0;\"><\/div><\/div><\/div><div id=\"x-section-3\" class=\"x-section cs-ta-center bg-image parallax\" style=\"margin: 0px;padding: 5% 0px; background-image: url(https:\/\/n1-acquisition.info\/wp-content\/uploads\/2017\/07\/Avion-NY.jpg); background-color: hsl(0, 0%, 8%);\"  data-x-element=\"section\" data-x-params=\"{&quot;type&quot;:&quot;image&quot;,&quot;parallax&quot;:true}\" ><div class=\"x-container max width\" style=\"margin: 0px auto;padding: 0px;max-width: 650px; background-color:hsla(0, 0%, 0%, 0);\"  ><div  class=\"x-column x-sm x-1-1\" style=\"padding: 0px;\" ><hr  class=\"x-gap cs-hide-xs cs-hide-sm cs-hide-md\" style=\"margin: 150px 0 0 0;\"><hr  class=\"x-gap\" style=\"margin: 150px 0 0 0;\">\n<div class=\"e1108-26 x-row\" >\n    <div class=\"x-row-inner\">\n<div class=\"e1108-27 x-col\" >\n    \n<div class=\"e1108-28 x-text x-text-headline x-effect-exit\" data-x-effect=\"{&quot;offsetTop&quot;:&quot;10%&quot;,&quot;offsetBottom&quot;:&quot;10%&quot;,&quot;behaviorScroll&quot;:&quot;fire-once&quot;}\" >\n  <div class=\"x-text-content\"><div class=\"x-text-content-text\"><h1 class=\"x-text-content-text-primary\">Viser au plus haut, coute que coute.<\/h1><\/div><\/div><\/div>\n\n<hr class=\"e1108-29 x-line\" >\n  <\/div>\n<\/div>\n  <\/div>\n\n<div class=\"e1108-30 x-row\" >\n    <div class=\"x-row-inner\">\n<div class=\"e1108-31 x-col\" >\n    \n<div class=\"e1108-32 x-text x-effect-exit\" data-x-effect=\"{&quot;offsetTop&quot;:&quot;10%&quot;,&quot;offsetBottom&quot;:&quot;10%&quot;,&quot;behaviorScroll&quot;:&quot;fire-once&quot;}\" >\n  <p>2015. Tout juste sacr\u00e9 champion d'Europe, coup\u00e9 dans son \u00e9lan par une s\u00e9rieuse blessure, Benjamin Compaor\u00e9 doit tout faire pour \u00eatre pr\u00eat \u00e0 temps face au d\u00e9fi vers lequel il focalise sa vie : Devenir Champion du Monde.<\/p>\n<p style=\"text-align: justify;\">Enfin arriv\u00e9 aux portes du plus haut niveau, il ne laissera rien g\u00e2cher sa chance.<\/p>\n<p>En r\u00e9v\u00e9lant espoirs et failles chez l'athl\u00e8te, cette saison exceptionnelle va confronter son r\u00eave intime aux obstacles de la r\u00e9alit\u00e9, et tester sa d\u00e9termination.<\/p>\n<p><br \/>\nTravailleur plus que surdou\u00e9, rescap\u00e9 des chaos de sa propre carri\u00e8re, Benjamin porte en lui confiance et frustration, \u00e9nergie brute et perfectionnisme. Entour\u00e9 de concurrents parfois amis intimes et rivaux, il visera jusqu'au bout la plus haute performance.<\/p>\n<p><br \/>\nComment se r\u00e9alise t\u2019on ? Pourquoi continuer malgr\u00e9 l\u2019\u00e9chec ? Que recherche t\u2019on en se d\u00e9passant ?<\/p>\n<p><br \/>\nAu del\u00e0 de la 1\u00e8re place sur le podium, peut \u00eatre simplement trouver sa place.<\/p><\/div>\n  <\/div>\n<\/div>\n  <\/div>\n<hr  class=\"x-gap\" style=\"margin: 100px 0 0 0;\"><\/div><\/div><div class=\"x-container max width\" style=\"margin: 0px auto;padding: 0px;\"  ><div  class=\"x-column x-sm x-1-1\" style=\"padding: 0px;\" ><hr  class=\"x-gap\" style=\"margin: 100px 0 0 0;\"><\/div><\/div><\/div><\/div>\n","protected":false},"excerpt":{"rendered":"","protected":false},"author":1,"featured_media":0,"parent":0,"menu_order":0,"comment_status":"closed","ping_status":"closed","template":"template-blank-5.php","meta":[],"_links":{"self":[{"href":"https:\/\/n1-acquisition.info\/index.php\/wp-json\/wp\/v2\/pages\/1108"}],"collection":[{"href":"https:\/\/n1-acquisition.info\/index.php\/wp-json\/wp\/v2\/pages"}],"about":[{"href":"https:\/\/n1-acquisition.info\/index.php\/wp-json\/wp\/v2\/types\/page"}],"author":[{"embeddable":true,"href":"https:\/\/n1-acquisition.info\/index.php\/wp-json\/wp\/v2\/users\/1"}],"replies":[{"embeddable":true,"href":"https:\/\/n1-acquisition.info\/index.php\/wp-json\/wp\/v2\/comments?post=1108"}],"version-history":[{"count":12,"href":"https:\/\/n1-acquisition.info\/index.php\/wp-json\/wp\/v2\/pages\/1108\/revisions"}],"predecessor-version":[{"id":1122,"href":"https:\/\/n1-acquisition.info\/index.php\/wp-json\/wp\/v2\/pages\/1108\/revisions\/1122"}],"wp:attachment":[{"href":"https:\/\/n1-acquisition.info\/index.php\/wp-json\/wp\/v2\/media?parent=1108"}],"curies":[{"name":"wp","href":"https:\/\/api.w.org\/{rel}","templated":true}]}}